{"id":9846,"date":"2024-11-14T09:51:32","date_gmt":"2024-11-14T08:51:32","guid":{"rendered":"https:\/\/vanillamilk.fr\/blog\/?page_id=9846"},"modified":"2025-03-17T07:45:20","modified_gmt":"2025-03-17T06:45:20","slug":"sequiper-pour-allaiter","status":"publish","type":"page","link":"https:\/\/vanillamilk.fr\/blog\/preparation-allaitement\/sequiper-pour-allaiter\/","title":{"rendered":"S\u2019organiser et s\u2019\u00e9quiper pour allaiter"},"content":{"rendered":"<p>[et_pb_section fb_built=\u00a0\u00bb1&Prime; _builder_version=\u00a0\u00bb4.27.4&Prime; custom_margin=\u00a0\u00bb5px||||false|false\u00a0\u00bb custom_padding=\u00a0\u00bb1px||1px||false|false\u00a0\u00bb hover_enabled=\u00a0\u00bb0&Prime; global_colors_info=\u00a0\u00bb{}\u00a0\u00bb custom_margin_last_edited=\u00a0\u00bbon|phone\u00a0\u00bb sticky_enabled=\u00a0\u00bb0&Prime; custom_margin_phone=\u00a0\u00bb15px||||false|false\u00a0\u00bb custom_margin_tablet=\u00a0\u00bb5px||||false|false\u00a0\u00bb][et_pb_row custom_padding_last_edited=\u00a0\u00bbon|desktop\u00a0\u00bb _builder_version=\u00a0\u00bb4.27.3&Prime; _module_preset=\u00a0\u00bbdefault\u00a0\u00bb width_tablet=\u00a0\u00bb\u00a0\u00bb width_phone=\u00a0\u00bb95%\u00a0\u00bb width_last_edited=\u00a0\u00bbon|phone\u00a0\u00bb custom_margin=\u00a0\u00bb||||false|false\u00a0\u00bb custom_margin_tablet=\u00a0\u00bb\u00a0\u00bb custom_margin_phone=\u00a0\u00bb||||false|false\u00a0\u00bb custom_margin_last_edited=\u00a0\u00bbon|desktop\u00a0\u00bb custom_padding=\u00a0\u00bb7px||7px||false|false\u00a0\u00bb custom_padding_tablet=\u00a0\u00bb0px||0px||false|false\u00a0\u00bb custom_padding_phone=\u00a0\u00bb0px||||false|false\u00a0\u00bb locked=\u00a0\u00bboff\u00a0\u00bb global_colors_info=\u00a0\u00bb{}\u00a0\u00bb][et_pb_column type=\u00a0\u00bb4_4&Prime; _builder_version=\u00a0\u00bb4.16&Prime; _module_preset=\u00a0\u00bbdefault\u00a0\u00bb global_colors_info=\u00a0\u00bb{}\u00a0\u00bb][et_pb_text module_class=\u00a0\u00bbsticky-breadcrumb\u00a0\u00bb _builder_version=\u00a0\u00bb4.27.4&Prime; _module_preset=\u00a0\u00bbdefault\u00a0\u00bb text_font=\u00a0\u00bb||on||||||\u00a0\u00bb text_text_color=\u00a0\u00bb#0FB2C2&Prime; text_font_size=\u00a0\u00bb16px\u00a0\u00bb text_line_height=\u00a0\u00bb1.1em\u00a0\u00bb link_text_color=\u00a0\u00bb#0FB2C2&Prime; link_font_size=\u00a0\u00bb16px\u00a0\u00bb link_line_height=\u00a0\u00bb1.1em\u00a0\u00bb custom_margin=\u00a0\u00bb||7px||false|false\u00a0\u00bb custom_padding=\u00a0\u00bb0px||||false|false\u00a0\u00bb text_font_size_tablet=\u00a0\u00bb15px\u00a0\u00bb text_font_size_phone=\u00a0\u00bb14px\u00a0\u00bb text_font_size_last_edited=\u00a0\u00bbon|phone\u00a0\u00bb link_font_size_tablet=\u00a0\u00bb15px\u00a0\u00bb link_font_size_phone=\u00a0\u00bb14px\u00a0\u00bb link_font_size_last_edited=\u00a0\u00bbon|phone\u00a0\u00bb global_module=\u00a0\u00bb10289&Prime; saved_tabs=\u00a0\u00bball\u00a0\u00bb global_colors_info=\u00a0\u00bb{}\u00a0\u00bb]<\/p>\n<nav aria-label=\"breadcrumbs\" class=\"rank-math-breadcrumb\"><p><span class=\"last\">Accueil Blog<\/span><\/p><\/nav>\n<p>[\/et_pb_text][et_pb_search placeholder=\u00a0\u00bbQue cherchez-vous ?\u00a0\u00bb button_color=\u00a0\u00bb#005CA2&Prime; admin_label=\u00a0\u00bbChamps de recherche\u00a0\u00bb _builder_version=\u00a0\u00bb4.19.1&Prime; _module_preset=\u00a0\u00bbdefault\u00a0\u00bb button_font=\u00a0\u00bb|||on|||||\u00a0\u00bb button_text_color=\u00a0\u00bb#FFFFFF\u00a0\u00bb form_field_font_size=\u00a0\u00bb16px\u00a0\u00bb width=\u00a0\u00bb65%\u00a0\u00bb width_tablet=\u00a0\u00bb65%\u00a0\u00bb width_phone=\u00a0\u00bb100%\u00a0\u00bb width_last_edited=\u00a0\u00bbon|phone\u00a0\u00bb module_alignment=\u00a0\u00bbcenter\u00a0\u00bb custom_margin=\u00a0\u00bb9px||20px||false|false\u00a0\u00bb custom_margin_tablet=\u00a0\u00bb10px||||false|false\u00a0\u00bb custom_margin_phone=\u00a0\u00bb10px||||false|false\u00a0\u00bb custom_margin_last_edited=\u00a0\u00bbon|phone\u00a0\u00bb form_field_font_size_tablet=\u00a0\u00bb16px\u00a0\u00bb form_field_font_size_phone=\u00a0\u00bb15px\u00a0\u00bb form_field_font_size_last_edited=\u00a0\u00bbon|desktop\u00a0\u00bb global_colors_info=\u00a0\u00bb{}\u00a0\u00bb][\/et_pb_search][et_pb_text disabled_on=\u00a0\u00bboff|off|off\u00a0\u00bb admin_label=\u00a0\u00bbNom cat\u00e9gorie principale\u00a0\u00bb _builder_version=\u00a0\u00bb4.27.3&Prime; _module_preset=\u00a0\u00bbdefault\u00a0\u00bb header_2_font=\u00a0\u00bb|600||on|||||\u00a0\u00bb header_2_text_align=\u00a0\u00bbcenter\u00a0\u00bb header_2_text_color=\u00a0\u00bb#ffffff\u00a0\u00bb header_2_font_size=\u00a0\u00bb17px\u00a0\u00bb header_2_line_height=\u00a0\u00bb0.5em\u00a0\u00bb header_3_text_align=\u00a0\u00bbcenter\u00a0\u00bb header_3_text_color=\u00a0\u00bb#005CA2&Prime; header_3_font_size=\u00a0\u00bb19px\u00a0\u00bb header_3_line_height=\u00a0\u00bb1.1em\u00a0\u00bb background_color=\u00a0\u00bb#FF0084&Prime; width=\u00a0\u00bb40%\u00a0\u00bb width_tablet=\u00a0\u00bb70%\u00a0\u00bb width_phone=\u00a0\u00bb90%\u00a0\u00bb width_last_edited=\u00a0\u00bbon|phone\u00a0\u00bb module_alignment=\u00a0\u00bbcenter\u00a0\u00bb custom_margin_tablet=\u00a0\u00bb\u00a0\u00bb custom_margin_phone=\u00a0\u00bb||10px||false|false\u00a0\u00bb custom_margin_last_edited=\u00a0\u00bbon|phone\u00a0\u00bb custom_padding=\u00a0\u00bb9px||0px||false|false\u00a0\u00bb link_option_url=\u00a0\u00bbhttps:\/\/vanillamilk.fr\/blog\/preparation-allaitement\/\u00a0\u00bb header_2_font_size_tablet=\u00a0\u00bb17px\u00a0\u00bb header_2_font_size_phone=\u00a0\u00bb15px\u00a0\u00bb header_2_font_size_last_edited=\u00a0\u00bbon|phone\u00a0\u00bb header_3_font_size_tablet=\u00a0\u00bb17px\u00a0\u00bb header_3_font_size_phone=\u00a0\u00bb18px\u00a0\u00bb header_3_font_size_last_edited=\u00a0\u00bbon|phone\u00a0\u00bb border_radii=\u00a0\u00bbon|5px|5px|5px|5px\u00a0\u00bb global_colors_info=\u00a0\u00bb{}\u00a0\u00bb]<\/p>\n<h2 style=\"text-align: center;\"><span>Pr\u00e9paration de l&rsquo;allaitement<\/span><\/h2>\n<p>[\/et_pb_text][et_pb_post_title meta=\u00a0\u00bboff\u00a0\u00bb featured_image=\u00a0\u00bboff\u00a0\u00bb admin_label=\u00a0\u00bbNom de la cat\u00e9gorie\u00a0\u00bb _builder_version=\u00a0\u00bb4.27.4&Prime; _module_preset=\u00a0\u00bbdefault\u00a0\u00bb title_font=\u00a0\u00bb|600|||||||\u00a0\u00bb title_text_align=\u00a0\u00bbcenter\u00a0\u00bb title_text_color=\u00a0\u00bb#005CA2&Prime; title_font_size=\u00a0\u00bb35px\u00a0\u00bb title_line_height=\u00a0\u00bb1.1em\u00a0\u00bb custom_margin=\u00a0\u00bb||10px||false|false\u00a0\u00bb custom_margin_tablet=\u00a0\u00bb||10px||false|false\u00a0\u00bb custom_margin_phone=\u00a0\u00bb||10px||false|false\u00a0\u00bb custom_margin_last_edited=\u00a0\u00bbon|desktop\u00a0\u00bb custom_padding=\u00a0\u00bb||||false|false\u00a0\u00bb title_font_size_tablet=\u00a0\u00bb35px\u00a0\u00bb title_font_size_phone=\u00a0\u00bb24px\u00a0\u00bb title_font_size_last_edited=\u00a0\u00bbon|phone\u00a0\u00bb global_colors_info=\u00a0\u00bb{}\u00a0\u00bb][\/et_pb_post_title][et_pb_text disabled_on=\u00a0\u00bboff|off|off\u00a0\u00bb admin_label=\u00a0\u00bbDescription courte cat\u00e9gorie\u00a0\u00bb _builder_version=\u00a0\u00bb4.27.3&Prime; _module_preset=\u00a0\u00bbdefault\u00a0\u00bb header_3_text_align=\u00a0\u00bbcenter\u00a0\u00bb header_3_text_color=\u00a0\u00bb#005CA2&Prime; header_3_font_size=\u00a0\u00bb19px\u00a0\u00bb header_3_line_height=\u00a0\u00bb1.1em\u00a0\u00bb width=\u00a0\u00bb70%\u00a0\u00bb width_tablet=\u00a0\u00bb70%\u00a0\u00bb width_phone=\u00a0\u00bb95%\u00a0\u00bb width_last_edited=\u00a0\u00bbon|phone\u00a0\u00bb module_alignment=\u00a0\u00bbcenter\u00a0\u00bb custom_margin_tablet=\u00a0\u00bb\u00a0\u00bb custom_margin_phone=\u00a0\u00bb||12px||false|false\u00a0\u00bb custom_margin_last_edited=\u00a0\u00bbon|phone\u00a0\u00bb header_3_font_size_tablet=\u00a0\u00bb17px\u00a0\u00bb header_3_font_size_phone=\u00a0\u00bb18px\u00a0\u00bb header_3_font_size_last_edited=\u00a0\u00bbon|phone\u00a0\u00bb global_colors_info=\u00a0\u00bb{}\u00a0\u00bb]<\/p>\n<h3>Accessoires et am\u00e9nagements pour faciliter votre allaitement d\u00e8s la naissance, avec confort et praticit\u00e9 au quotidien<\/h3>\n<p>[\/et_pb_text][et_pb_text disabled_on=\u00a0\u00bboff|off|off\u00a0\u00bb admin_label=\u00a0\u00bbDescription longue cat\u00e9gorie\u00a0\u00bb _builder_version=\u00a0\u00bb4.27.3&Prime; _module_preset=\u00a0\u00bbdefault\u00a0\u00bb text_line_height=\u00a0\u00bb1.1em\u00a0\u00bb text_orientation=\u00a0\u00bbcenter\u00a0\u00bb text_font_size_tablet=\u00a0\u00bb\u00a0\u00bb text_font_size_phone=\u00a0\u00bb15px\u00a0\u00bb text_font_size_last_edited=\u00a0\u00bbon|phone\u00a0\u00bb global_colors_info=\u00a0\u00bb{}\u00a0\u00bb]<\/p>\n<p>Bien que rien ne soit <strong>absolument indispensable<\/strong> pour allaiter, <strong>une bonne organisation et certains accessoires<\/strong> bons \u00e0 conna\u00eetre peuvent rendre cette exp\u00e9rience plus <strong>sereine et confortable<\/strong>.<\/p>\n<p>Dans cette section, nous vous proposons des <strong>id\u00e9es pratiques et des outils<\/strong> qui peuvent faire toute la diff\u00e9rence au quotidien.<\/p>\n<p>Qu\u2019il s\u2019agisse de coussins pour l\u2019allaitement, de v\u00eatements adapt\u00e9s ou d\u2019un tire-lait, conna\u00eetre les options disponibles permet d\u2019aborder <strong>plus sereinement les situations et d\u00e9fis qui peuvent survenir<\/strong>.<\/p>\n<p>Gr\u00e2ce \u00e0 des <strong>astuces d\u2019organisation et \u00e0 quelques accessoires bien choisis<\/strong>, vous vous sentirez p<strong>lus confiante et pr\u00eate<\/strong> \u00e0 profiter de chaque moment avec b\u00e9b\u00e9.<\/p>\n<p>[\/et_pb_text][\/et_pb_column][\/et_pb_row][\/et_pb_section][et_pb_section fb_built=\u00a0\u00bb1&Prime; custom_padding_last_edited=\u00a0\u00bbon|phone\u00a0\u00bb _builder_version=\u00a0\u00bb4.19.0&Prime; _module_preset=\u00a0\u00bbdefault\u00a0\u00bb width=\u00a0\u00bb80%\u00a0\u00bb width_tablet=\u00a0\u00bb90%\u00a0\u00bb width_phone=\u00a0\u00bb89%\u00a0\u00bb width_last_edited=\u00a0\u00bbon|phone\u00a0\u00bb module_alignment=\u00a0\u00bbcenter\u00a0\u00bb custom_padding=\u00a0\u00bb10px||||false|false\u00a0\u00bb custom_padding_tablet=\u00a0\u00bb10px||||false|false\u00a0\u00bb custom_padding_phone=\u00a0\u00bb5px||||false|false\u00a0\u00bb locked=\u00a0\u00bboff\u00a0\u00bb global_colors_info=\u00a0\u00bb{}\u00a0\u00bb][et_pb_row _builder_version=\u00a0\u00bb4.27.3&Prime; _module_preset=\u00a0\u00bbdefault\u00a0\u00bb width=\u00a0\u00bb90%\u00a0\u00bb width_tablet=\u00a0\u00bb90%\u00a0\u00bb width_phone=\u00a0\u00bb90%\u00a0\u00bb width_last_edited=\u00a0\u00bbon|phone\u00a0\u00bb module_alignment=\u00a0\u00bbcenter\u00a0\u00bb custom_padding=\u00a0\u00bb||0px||false|false\u00a0\u00bb global_colors_info=\u00a0\u00bb{}\u00a0\u00bb][et_pb_column type=\u00a0\u00bb4_4&Prime; _builder_version=\u00a0\u00bb4.16&Prime; _module_preset=\u00a0\u00bbdefault\u00a0\u00bb global_colors_info=\u00a0\u00bb{}\u00a0\u00bb][et_pb_divider divider_weight=\u00a0\u00bb1px\u00a0\u00bb _builder_version=\u00a0\u00bb4.27.3&Prime; _module_preset=\u00a0\u00bbdefault\u00a0\u00bb width=\u00a0\u00bb65%\u00a0\u00bb width_tablet=\u00a0\u00bb65%\u00a0\u00bb width_phone=\u00a0\u00bb90%\u00a0\u00bb width_last_edited=\u00a0\u00bbon|phone\u00a0\u00bb module_alignment=\u00a0\u00bbcenter\u00a0\u00bb custom_margin_tablet=\u00a0\u00bb\u00a0\u00bb custom_margin_phone=\u00a0\u00bb||1px||false|false\u00a0\u00bb custom_margin_last_edited=\u00a0\u00bbon|phone\u00a0\u00bb custom_padding_tablet=\u00a0\u00bb\u00a0\u00bb custom_padding_phone=\u00a0\u00bb||||false|false\u00a0\u00bb custom_padding_last_edited=\u00a0\u00bbon|phone\u00a0\u00bb locked=\u00a0\u00bboff\u00a0\u00bb global_colors_info=\u00a0\u00bb{}\u00a0\u00bb][\/et_pb_divider][et_pb_text content_tablet=\u00a0\u00bb<\/p>\n<p>Tous les articles de cette cat\u00e9gorie<\/p>\n<p>\u00a0\u00bb content_phone=\u00a0\u00bb<\/p>\n<p>Tous les articles<br \/>de cette cat\u00e9gorie<\/p>\n<p>\u00a0\u00bb content_last_edited=\u00a0\u00bboff|phone\u00a0\u00bb _builder_version=\u00a0\u00bb4.27.3&Prime; _module_preset=\u00a0\u00bbdefault\u00a0\u00bb text_font=\u00a0\u00bb|600|||||||\u00a0\u00bb text_text_color=\u00a0\u00bb#0FB2C2&Prime; text_font_size=\u00a0\u00bb28px\u00a0\u00bb text_line_height=\u00a0\u00bb1.1em\u00a0\u00bb text_orientation=\u00a0\u00bbcenter\u00a0\u00bb custom_margin=\u00a0\u00bb||30px|||\u00a0\u00bb text_font_size_tablet=\u00a0\u00bb30px\u00a0\u00bb text_font_size_phone=\u00a0\u00bb25px\u00a0\u00bb text_font_size_last_edited=\u00a0\u00bbon|phone\u00a0\u00bb locked=\u00a0\u00bboff\u00a0\u00bb global_colors_info=\u00a0\u00bb{}\u00a0\u00bb]<\/p>\n<p>Tous les articles<\/p>\n<p>[\/et_pb_text][et_pb_blog fullwidth=\u00a0\u00bboff\u00a0\u00bb posts_number=\u00a0\u00bb9&Prime; include_categories=\u00a0\u00bb194&Prime; excerpt_length=\u00a0\u00bb200&Prime; show_author=\u00a0\u00bboff\u00a0\u00bb show_date=\u00a0\u00bboff\u00a0\u00bb show_categories=\u00a0\u00bboff\u00a0\u00bb show_pagination=\u00a0\u00bboff\u00a0\u00bb admin_label=\u00a0\u00bbCes articles peuvent vous int\u00e9resser&#8230;\u00a0\u00bb _builder_version=\u00a0\u00bb4.27.4&Prime; _module_preset=\u00a0\u00bbdefault\u00a0\u00bb header_level=\u00a0\u00bbh3&Prime; header_font=\u00a0\u00bb|600|||||||\u00a0\u00bb header_text_align=\u00a0\u00bbcenter\u00a0\u00bb header_text_color=\u00a0\u00bb#005CA2&Prime; header_font_size=\u00a0\u00bb20px\u00a0\u00bb body_font=\u00a0\u00bb||on||||||\u00a0\u00bb body_text_align=\u00a0\u00bbcenter\u00a0\u00bb body_font_size=\u00a0\u00bb14px\u00a0\u00bb body_line_height=\u00a0\u00bb1.1em\u00a0\u00bb meta_font=\u00a0\u00bb|||on|||||\u00a0\u00bb meta_text_align=\u00a0\u00bbcenter\u00a0\u00bb meta_font_size=\u00a0\u00bb13px\u00a0\u00bb meta_line_height=\u00a0\u00bb1.1em\u00a0\u00bb text_orientation=\u00a0\u00bbcenter\u00a0\u00bb module_alignment=\u00a0\u00bbcenter\u00a0\u00bb custom_padding=\u00a0\u00bb0px||||false|false\u00a0\u00bb header_font_size_tablet=\u00a0\u00bb22px\u00a0\u00bb header_font_size_phone=\u00a0\u00bb18px\u00a0\u00bb header_font_size_last_edited=\u00a0\u00bbon|phone\u00a0\u00bb body_font_size_tablet=\u00a0\u00bb15px\u00a0\u00bb body_font_size_phone=\u00a0\u00bb14px\u00a0\u00bb body_font_size_last_edited=\u00a0\u00bbon|desktop\u00a0\u00bb meta_font_size_tablet=\u00a0\u00bb13px\u00a0\u00bb meta_font_size_phone=\u00a0\u00bb13px\u00a0\u00bb meta_font_size_last_edited=\u00a0\u00bbon|desktop\u00a0\u00bb border_width_all=\u00a0\u00bb0px\u00a0\u00bb border_radii_image=\u00a0\u00bbon|3px|3px|3px|3px\u00a0\u00bb border_style_all_image=\u00a0\u00bbnone\u00a0\u00bb box_shadow_style_image=\u00a0\u00bbpreset2&Prime; box_shadow_blur_image=\u00a0\u00bb20px\u00a0\u00bb box_shadow_spread_image=\u00a0\u00bb-15px\u00a0\u00bb global_colors_info=\u00a0\u00bb{}\u00a0\u00bb][\/et_pb_blog][et_pb_image src=\u00a0\u00bbhttps:\/\/vanillamilk.fr\/blog\/wp-content\/uploads\/2024\/09\/teleconsultation-allaitement-web-cta.png\u00a0\u00bb alt=\u00a0\u00bbT\u00e9l\u00e9consultation allaitement maternel\u00a0\u00bb title_text=\u00a0\u00bbteleconsultation-allaitement-mobile-cta\u00a0\u00bb url=\u00a0\u00bbhttps:\/\/vanillamilk.fr\/urgence-allaitement\u00a0\u00bb align=\u00a0\u00bbcenter\u00a0\u00bb src_tablet=\u00a0\u00bbhttps:\/\/vanillamilk.fr\/blog\/wp-content\/uploads\/2024\/09\/teleconsultation-allaitement-web-cta.png\u00a0\u00bb src_phone=\u00a0\u00bbhttps:\/\/vanillamilk.fr\/blog\/wp-content\/uploads\/2024\/09\/teleconsultation-allaitement-mobile-cta.png\u00a0\u00bb src_last_edited=\u00a0\u00bbon|phone\u00a0\u00bb admin_label=\u00a0\u00bbImage Banni\u00e8re T\u00e9l\u00e9consultation Allaitement\u00a0\u00bb _builder_version=\u00a0\u00bb4.27.2&Prime; _module_preset=\u00a0\u00bbdefault\u00a0\u00bb width=\u00a0\u00bb100%\u00a0\u00bb width_tablet=\u00a0\u00bb70%\u00a0\u00bb width_phone=\u00a0\u00bb100%\u00a0\u00bb width_last_edited=\u00a0\u00bbon|phone\u00a0\u00bb custom_margin=\u00a0\u00bb||40px||false|false\u00a0\u00bb custom_margin_tablet=\u00a0\u00bb||40px||false|false\u00a0\u00bb custom_margin_phone=\u00a0\u00bb||40px||false|false\u00a0\u00bb custom_margin_last_edited=\u00a0\u00bbon|phone\u00a0\u00bb border_radii=\u00a0\u00bbon|8px|8px|8px|8px\u00a0\u00bb locked=\u00a0\u00bboff\u00a0\u00bb global_colors_info=\u00a0\u00bb{}\u00a0\u00bb][\/et_pb_image][et_pb_blog fullwidth=\u00a0\u00bboff\u00a0\u00bb posts_number=\u00a0\u00bb100&Prime; include_categories=\u00a0\u00bb194&Prime; excerpt_length=\u00a0\u00bb200&Prime; show_author=\u00a0\u00bboff\u00a0\u00bb show_date=\u00a0\u00bboff\u00a0\u00bb show_categories=\u00a0\u00bboff\u00a0\u00bb show_pagination=\u00a0\u00bboff\u00a0\u00bb offset_number=\u00a0\u00bb9&Prime; admin_label=\u00a0\u00bbCes articles peuvent vous int\u00e9resser&#8230;\u00a0\u00bb _builder_version=\u00a0\u00bb4.27.4&Prime; _module_preset=\u00a0\u00bbdefault\u00a0\u00bb header_level=\u00a0\u00bbh3&Prime; header_font=\u00a0\u00bb|600|||||||\u00a0\u00bb header_text_align=\u00a0\u00bbcenter\u00a0\u00bb header_text_color=\u00a0\u00bb#005CA2&Prime; header_font_size=\u00a0\u00bb20px\u00a0\u00bb body_font=\u00a0\u00bb||on||||||\u00a0\u00bb body_text_align=\u00a0\u00bbcenter\u00a0\u00bb body_font_size=\u00a0\u00bb14px\u00a0\u00bb body_line_height=\u00a0\u00bb1.1em\u00a0\u00bb meta_font=\u00a0\u00bb|||on|||||\u00a0\u00bb meta_text_align=\u00a0\u00bbcenter\u00a0\u00bb meta_font_size=\u00a0\u00bb13px\u00a0\u00bb meta_line_height=\u00a0\u00bb1.1em\u00a0\u00bb text_orientation=\u00a0\u00bbcenter\u00a0\u00bb module_alignment=\u00a0\u00bbcenter\u00a0\u00bb custom_padding=\u00a0\u00bb0px||||false|false\u00a0\u00bb header_font_size_tablet=\u00a0\u00bb22px\u00a0\u00bb header_font_size_phone=\u00a0\u00bb18px\u00a0\u00bb header_font_size_last_edited=\u00a0\u00bbon|phone\u00a0\u00bb body_font_size_tablet=\u00a0\u00bb15px\u00a0\u00bb body_font_size_phone=\u00a0\u00bb14px\u00a0\u00bb body_font_size_last_edited=\u00a0\u00bbon|desktop\u00a0\u00bb meta_font_size_tablet=\u00a0\u00bb13px\u00a0\u00bb meta_font_size_phone=\u00a0\u00bb13px\u00a0\u00bb meta_font_size_last_edited=\u00a0\u00bbon|desktop\u00a0\u00bb border_width_all=\u00a0\u00bb0px\u00a0\u00bb border_radii_image=\u00a0\u00bbon|3px|3px|3px|3px\u00a0\u00bb border_style_all_image=\u00a0\u00bbnone\u00a0\u00bb box_shadow_style_image=\u00a0\u00bbpreset2&Prime; box_shadow_blur_image=\u00a0\u00bb20px\u00a0\u00bb box_shadow_spread_image=\u00a0\u00bb-15px\u00a0\u00bb global_colors_info=\u00a0\u00bb{}\u00a0\u00bb][\/et_pb_blog][\/et_pb_column][\/et_pb_row][\/et_pb_section]<\/p>\n","protected":false},"excerpt":{"rendered":"<p>Des infos cl\u00e9s pour s&rsquo;organiser et s&rsquo;\u00e9quiper afin d&rsquo;allaiter sereinement et en confiance.<\/p>\n","protected":false},"author":2,"featured_media":9766,"parent":9772,"menu_order":0,"comment_status":"closed","ping_status":"closed","template":"","meta":{"_acf_changed":false,"_et_pb_use_builder":"on","_et_pb_old_content":"","_et_gb_content_width":"","footnotes":""},"class_list":["post-9846","page","type-page","status-publish","has-post-thumbnail","hentry"],"acf":[],"_links":{"self":[{"href":"https:\/\/vanillamilk.fr\/blog\/wp-json\/wp\/v2\/pages\/9846","targetHints":{"allow":["GET"]}}],"collection":[{"href":"https:\/\/vanillamilk.fr\/blog\/wp-json\/wp\/v2\/pages"}],"about":[{"href":"https:\/\/vanillamilk.fr\/blog\/wp-json\/wp\/v2\/types\/page"}],"author":[{"embeddable":true,"href":"https:\/\/vanillamilk.fr\/blog\/wp-json\/wp\/v2\/users\/2"}],"replies":[{"embeddable":true,"href":"https:\/\/vanillamilk.fr\/blog\/wp-json\/wp\/v2\/comments?post=9846"}],"version-history":[{"count":12,"href":"https:\/\/vanillamilk.fr\/blog\/wp-json\/wp\/v2\/pages\/9846\/revisions"}],"predecessor-version":[{"id":11636,"href":"https:\/\/vanillamilk.fr\/blog\/wp-json\/wp\/v2\/pages\/9846\/revisions\/11636"}],"up":[{"embeddable":true,"href":"https:\/\/vanillamilk.fr\/blog\/wp-json\/wp\/v2\/pages\/9772"}],"wp:featuredmedia":[{"embeddable":true,"href":"https:\/\/vanillamilk.fr\/blog\/wp-json\/wp\/v2\/media\/9766"}],"wp:attachment":[{"href":"https:\/\/vanillamilk.fr\/blog\/wp-json\/wp\/v2\/media?parent=9846"}],"curies":[{"name":"wp","href":"https:\/\/api.w.org\/{rel}","templated":true}]}}