{"id":610,"date":"2021-03-05T14:07:06","date_gmt":"2021-03-05T13:07:06","guid":{"rendered":"https:\/\/vanillamilk.fr\/boutique\/?post_type=product&#038;p=610"},"modified":"2026-03-16T10:16:54","modified_gmt":"2026-03-16T09:16:54","slug":"sein-au-crochet","status":"publish","type":"product","link":"https:\/\/vanillamilk.fr\/boutique\/produit\/sein-au-crochet\/","title":{"rendered":"Sein au crochet en coton"},"content":{"rendered":"<p>[et_pb_section fb_built=\u00a0\u00bb1&Prime; _builder_version=\u00a0\u00bb4.16&Prime; min_height=\u00a0\u00bb822.5px\u00a0\u00bb custom_padding=\u00a0\u00bb0px||0px||false|false\u00a0\u00bb global_colors_info=\u00a0\u00bb{}\u00a0\u00bb][et_pb_row _builder_version=\u00a0\u00bb4.16&Prime; background_size=\u00a0\u00bbinitial\u00a0\u00bb background_position=\u00a0\u00bbtop_left\u00a0\u00bb background_repeat=\u00a0\u00bbrepeat\u00a0\u00bb width=\u00a0\u00bb100%\u00a0\u00bb custom_margin=\u00a0\u00bb|auto|-25px|auto||\u00a0\u00bb custom_padding=\u00a0\u00bb0px||0px||false|false\u00a0\u00bb global_colors_info=\u00a0\u00bb{}\u00a0\u00bb][et_pb_column type=\u00a0\u00bb4_4&Prime; _builder_version=\u00a0\u00bb4.16&Prime; custom_padding=\u00a0\u00bb|||\u00a0\u00bb global_colors_info=\u00a0\u00bb{}\u00a0\u00bb custom_padding__hover=\u00a0\u00bb|||\u00a0\u00bb][et_pb_wc_cart_notice _builder_version=\u00a0\u00bb4.16&Prime; title_text_color=\u00a0\u00bb#005CA2&Prime; title_font_size=\u00a0\u00bb20px\u00a0\u00bb title_line_height=\u00a0\u00bb1.4em\u00a0\u00bb background_color=\u00a0\u00bbRGBA(0,0,0,0)\u00a0\u00bb custom_button=\u00a0\u00bbon\u00a0\u00bb button_text_size=\u00a0\u00bb15px\u00a0\u00bb button_bg_color=\u00a0\u00bb#005CA2&Prime; button_use_icon=\u00a0\u00bboff\u00a0\u00bb button_custom_margin=\u00a0\u00bb0px||||false|false\u00a0\u00bb button_custom_margin_tablet=\u00a0\u00bb0px||||false|false\u00a0\u00bb button_custom_margin_phone=\u00a0\u00bb4px||||false|false\u00a0\u00bb button_custom_margin_last_edited=\u00a0\u00bbon|desktop\u00a0\u00bb button_custom_padding=\u00a0\u00bb5px||||false|false\u00a0\u00bb custom_margin=\u00a0\u00bb0em|0em|1em|0em|false|false\u00a0\u00bb title_font_size_tablet=\u00a0\u00bb20px\u00a0\u00bb title_font_size_phone=\u00a0\u00bb15px\u00a0\u00bb title_font_size_last_edited=\u00a0\u00bbon|desktop\u00a0\u00bb button_text_size_tablet=\u00a0\u00bb\u00a0\u00bb button_text_size_phone=\u00a0\u00bb13px\u00a0\u00bb button_text_size_last_edited=\u00a0\u00bbon|phone\u00a0\u00bb button_icon_placement_tablet=\u00a0\u00bb\u00a0\u00bb button_icon_placement_phone=\u00a0\u00bbright\u00a0\u00bb button_icon_placement_last_edited=\u00a0\u00bbon|phone\u00a0\u00bb border_radii=\u00a0\u00bbon|7px|7px|7px|7px\u00a0\u00bb border_width_all=\u00a0\u00bb1px\u00a0\u00bb border_color_all=\u00a0\u00bb#005CA2&Prime; body_text_color=\u00a0\u00bb#005CA2&Prime; body_font_size=\u00a0\u00bb20px\u00a0\u00bb body_font_size_last_edited=\u00a0\u00bbon|desktop\u00a0\u00bb body_font_size_tablet=\u00a0\u00bb\u00a0\u00bb body_font_size_phone=\u00a0\u00bb15px\u00a0\u00bb body_line_height=\u00a0\u00bb1.4em\u00a0\u00bb global_colors_info=\u00a0\u00bb{}\u00a0\u00bb][\/et_pb_wc_cart_notice][\/et_pb_column][\/et_pb_row][et_pb_row column_structure=\u00a0\u00bb1_2,1_2&Prime; _builder_version=\u00a0\u00bb4.16&Prime; background_size=\u00a0\u00bbinitial\u00a0\u00bb background_position=\u00a0\u00bbtop_left\u00a0\u00bb background_repeat=\u00a0\u00bbrepeat\u00a0\u00bb width=\u00a0\u00bb100%\u00a0\u00bb min_height=\u00a0\u00bb881px\u00a0\u00bb custom_margin=\u00a0\u00bb|auto|0px|auto|false|false\u00a0\u00bb custom_margin_tablet=\u00a0\u00bb\u00a0\u00bb custom_margin_phone=\u00a0\u00bb\u00a0\u00bb custom_margin_last_edited=\u00a0\u00bbon|phone\u00a0\u00bb custom_padding=\u00a0\u00bb0px||0px||false|false\u00a0\u00bb global_colors_info=\u00a0\u00bb{}\u00a0\u00bb][et_pb_column type=\u00a0\u00bb1_2&Prime; _builder_version=\u00a0\u00bb4.16&Prime; custom_padding=\u00a0\u00bb|||\u00a0\u00bb global_colors_info=\u00a0\u00bb{}\u00a0\u00bb custom_padding__hover=\u00a0\u00bb|||\u00a0\u00bb][et_pb_wc_images sale_badge_color=\u00a0\u00bb#FF0084&Prime; sale_badge_color_last_edited=\u00a0\u00bboff|phone\u00a0\u00bb _builder_version=\u00a0\u00bb4.16&Prime; sale_badge_font_size=\u00a0\u00bb16px\u00a0\u00bb sale_badge_line_height=\u00a0\u00bb1em\u00a0\u00bb custom_padding=\u00a0\u00bb||0px|||\u00a0\u00bb sale_badge_font_size_tablet=\u00a0\u00bb\u00a0\u00bb sale_badge_font_size_phone=\u00a0\u00bb15px\u00a0\u00bb sale_badge_font_size_last_edited=\u00a0\u00bbon|phone\u00a0\u00bb border_radii_image=\u00a0\u00bbon|3px|3px|3px|3px\u00a0\u00bb global_colors_info=\u00a0\u00bb{}\u00a0\u00bb][\/et_pb_wc_images][\/et_pb_column][et_pb_column type=\u00a0\u00bb1_2&Prime; _builder_version=\u00a0\u00bb4.16&Prime; custom_padding=\u00a0\u00bb|||\u00a0\u00bb global_colors_info=\u00a0\u00bb{}\u00a0\u00bb custom_padding__hover=\u00a0\u00bb|||\u00a0\u00bb][et_pb_wc_title disabled_on=\u00a0\u00bbon|off|off\u00a0\u00bb _builder_version=\u00a0\u00bb4.16&Prime; header_font_size=\u00a0\u00bb40px\u00a0\u00bb custom_margin=\u00a0\u00bb||10px|||\u00a0\u00bb custom_padding=\u00a0\u00bb||6px|||\u00a0\u00bb header_font_size_tablet=\u00a0\u00bb\u00a0\u00bb header_font_size_phone=\u00a0\u00bb37px\u00a0\u00bb header_font_size_last_edited=\u00a0\u00bbon|phone\u00a0\u00bb header_line_height_tablet=\u00a0\u00bb\u00a0\u00bb header_line_height_phone=\u00a0\u00bb1em\u00a0\u00bb header_line_height_last_edited=\u00a0\u00bbon|phone\u00a0\u00bb global_colors_info=\u00a0\u00bb{}\u00a0\u00bb][\/et_pb_wc_title][et_pb_text _builder_version=\u00a0\u00bb4.27.6&Prime; _module_preset=\u00a0\u00bbdefault\u00a0\u00bb text_line_height=\u00a0\u00bb1em\u00a0\u00bb custom_margin=\u00a0\u00bb||15px|||\u00a0\u00bb custom_padding=\u00a0\u00bb||0px|||\u00a0\u00bb global_colors_info=\u00a0\u00bb{}\u00a0\u00bb]<\/p>\n<p>Titakicou<\/p>\n<p>[\/et_pb_text][et_pb_wc_rating _builder_version=\u00a0\u00bb4.16&Prime; rating_text_color=\u00a0\u00bb#FFBA00&Prime; rating_font_size=\u00a0\u00bb20px\u00a0\u00bb body_text_color=\u00a0\u00bb#005CA2&Prime; body_font_size=\u00a0\u00bb11px\u00a0\u00bb text_orientation=\u00a0\u00bbleft\u00a0\u00bb custom_margin=\u00a0\u00bb0em|0em|-0.4em|0em|false|false\u00a0\u00bb custom_padding=\u00a0\u00bb||0px|||\u00a0\u00bb global_colors_info=\u00a0\u00bb{}\u00a0\u00bb][\/et_pb_wc_rating][et_pb_wc_price _builder_version=\u00a0\u00bb4.16&Prime; body_text_color=\u00a0\u00bb#0FB2C2&Prime; body_font_size=\u00a0\u00bb40px\u00a0\u00bb body_line_height=\u00a0\u00bb1.3em\u00a0\u00bb before_sale_price_font_size=\u00a0\u00bb22px\u00a0\u00bb background_color=\u00a0\u00bbRGBA(0,0,0,0)\u00a0\u00bb text_orientation=\u00a0\u00bbleft\u00a0\u00bb custom_margin=\u00a0\u00bb||9px|||\u00a0\u00bb custom_padding=\u00a0\u00bb0px|||||\u00a0\u00bb before_sale_price_font_last_edited=\u00a0\u00bboff|phone\u00a0\u00bb before_sale_price_font_size_tablet=\u00a0\u00bb\u00a0\u00bb before_sale_price_font_size_phone=\u00a0\u00bb\u00a0\u00bb before_sale_price_font_size_last_edited=\u00a0\u00bbon|phone\u00a0\u00bb global_colors_info=\u00a0\u00bb{}\u00a0\u00bb][\/et_pb_wc_price][et_pb_wc_description _builder_version=\u00a0\u00bb4.16&Prime; custom_margin=\u00a0\u00bb-6px|||||\u00a0\u00bb border_color_all=\u00a0\u00bbRGBA(0,0,0,0)\u00a0\u00bb border_style_all=\u00a0\u00bbnone\u00a0\u00bb border_width_bottom=\u00a0\u00bb1px\u00a0\u00bb border_color_bottom=\u00a0\u00bb#005CA2&Prime; global_colors_info=\u00a0\u00bb{}\u00a0\u00bb][\/et_pb_wc_description][et_pb_wc_add_to_cart show_stock=\u00a0\u00bboff\u00a0\u00bb disabled_on=\u00a0\u00bboff|off|off\u00a0\u00bb _builder_version=\u00a0\u00bb4.27.6&Prime; fields_background_color=\u00a0\u00bbrgba(0,92,162,0.17)\u00a0\u00bb fields_text_color=\u00a0\u00bb#005CA2&Prime; fields_custom_margin=\u00a0\u00bb||||false|false\u00a0\u00bb fields_custom_margin_tablet=\u00a0\u00bb\u00a0\u00bb fields_custom_margin_phone=\u00a0\u00bb||||false|false\u00a0\u00bb fields_custom_margin_last_edited=\u00a0\u00bbon|phone\u00a0\u00bb fields_custom_padding=\u00a0\u00bb||||false|false\u00a0\u00bb field_label_font_size=\u00a0\u00bb52px\u00a0\u00bb fields_font_size=\u00a0\u00bb30px\u00a0\u00bb custom_button=\u00a0\u00bbon\u00a0\u00bb button_use_icon=\u00a0\u00bboff\u00a0\u00bb custom_margin=\u00a0\u00bb||||false|false\u00a0\u00bb custom_margin_tablet=\u00a0\u00bb\u00a0\u00bb custom_margin_phone=\u00a0\u00bb||||false|false\u00a0\u00bb custom_margin_last_edited=\u00a0\u00bbon|phone\u00a0\u00bb custom_padding=\u00a0\u00bb||||false|false\u00a0\u00bb button_text_size_tablet=\u00a0\u00bb18px\u00a0\u00bb button_text_size_phone=\u00a0\u00bb17px\u00a0\u00bb button_text_size_last_edited=\u00a0\u00bbon|phone\u00a0\u00bb body_font_size=\u00a0\u00bb52px\u00a0\u00bb global_colors_info=\u00a0\u00bb{}\u00a0\u00bb][\/et_pb_wc_add_to_cart][et_pb_text ul_position=\u00a0\u00bbinside\u00a0\u00bb _builder_version=\u00a0\u00bb4.27.6&Prime; _module_preset=\u00a0\u00bbdefault\u00a0\u00bb text_font=\u00a0\u00bb|600|||||||\u00a0\u00bb text_text_color=\u00a0\u00bb#005CA2&Prime; background_color=\u00a0\u00bbrgba(255,186,0,0.1)\u00a0\u00bb custom_margin=\u00a0\u00bb|0px||0px|false|false\u00a0\u00bb custom_margin_tablet=\u00a0\u00bb\u00a0\u00bb custom_margin_phone=\u00a0\u00bb-13px|0px|21px|0px|false|false\u00a0\u00bb custom_margin_last_edited=\u00a0\u00bbon|desktop\u00a0\u00bb custom_padding=\u00a0\u00bb14px|30px|0px|17px|false|false\u00a0\u00bb text_font_tablet=\u00a0\u00bb\u00a0\u00bb text_font_phone=\u00a0\u00bb\u00a0\u00bb text_font_last_edited=\u00a0\u00bbon|phone\u00a0\u00bb border_radii=\u00a0\u00bbon|9px|9px|9px|9px\u00a0\u00bb border_color_all=\u00a0\u00bb#005CA2&Prime; global_colors_info=\u00a0\u00bb{}\u00a0\u00bb]<\/p>\n<p><strong>A quoi \u00e7a sert ?<\/strong><\/p>\n<ul>\n<li>Outil p\u00e9dagogique pour illustrer l\u2019allaitement avec tact et simplicit\u00e9<\/li>\n<li>Objet doux \u00e0 manipuler (doudou de transition, petit rep\u00e8re pendant les t\u00e9t\u00e9es, d\u00e9co)<\/li>\n<\/ul>\n<p>[\/et_pb_text][et_pb_text ul_position=\u00a0\u00bbinside\u00a0\u00bb _builder_version=\u00a0\u00bb4.27.6&Prime; _module_preset=\u00a0\u00bbdefault\u00a0\u00bb text_font=\u00a0\u00bb|600|||||||\u00a0\u00bb background_color=\u00a0\u00bbrgba(0,92,162,0.13)\u00a0\u00bb custom_margin=\u00a0\u00bb|0px||0px|false|false\u00a0\u00bb custom_margin_tablet=\u00a0\u00bb\u00a0\u00bb custom_margin_phone=\u00a0\u00bb-13px|0px|21px|0px|false|false\u00a0\u00bb custom_margin_last_edited=\u00a0\u00bbon|desktop\u00a0\u00bb custom_padding=\u00a0\u00bb14px|30px|0px|17px|false|false\u00a0\u00bb text_font_tablet=\u00a0\u00bb\u00a0\u00bb text_font_phone=\u00a0\u00bb\u00a0\u00bb text_font_last_edited=\u00a0\u00bbon|phone\u00a0\u00bb border_radii=\u00a0\u00bbon|9px|9px|9px|9px\u00a0\u00bb border_color_all=\u00a0\u00bb#005CA2&Prime; global_colors_info=\u00a0\u00bb{}\u00a0\u00bb]<\/p>\n<p><strong>Ce qu&rsquo;on aime :<\/strong><\/p>\n<ul>\n<li>Son format parfait pour permettre des explications techniques avec pr\u00e9cision et l\u00e9g\u00e8ret\u00e9<\/li>\n<li>Ses couleurs douces et naturelles<\/li>\n<li>Sa confection minutieuse et fran\u00e7aise. Chaque pi\u00e8ce est unique.<\/li>\n<\/ul>\n<p>[\/et_pb_text][\/et_pb_column][\/et_pb_row][et_pb_row _builder_version=\u00a0\u00bb4.16&Prime; _module_preset=\u00a0\u00bbdefault\u00a0\u00bb min_height=\u00a0\u00bb27px\u00a0\u00bb custom_margin=\u00a0\u00bb-22px|auto|-19px|auto||\u00a0\u00bb custom_padding=\u00a0\u00bb21px||0px|||\u00a0\u00bb global_colors_info=\u00a0\u00bb{}\u00a0\u00bb][et_pb_column type=\u00a0\u00bb4_4&Prime; _builder_version=\u00a0\u00bb4.16&Prime; _module_preset=\u00a0\u00bbdefault\u00a0\u00bb global_colors_info=\u00a0\u00bb{}\u00a0\u00bb][et_pb_divider _builder_version=\u00a0\u00bb4.16&Prime; _module_preset=\u00a0\u00bbdefault\u00a0\u00bb width=\u00a0\u00bb50%\u00a0\u00bb module_alignment=\u00a0\u00bbcenter\u00a0\u00bb custom_margin=\u00a0\u00bb21px||-10px|||\u00a0\u00bb global_colors_info=\u00a0\u00bb{}\u00a0\u00bb][\/et_pb_divider][\/et_pb_column][\/et_pb_row][\/et_pb_section][et_pb_section fb_built=\u00a0\u00bb1&Prime; admin_label=\u00a0\u00bbDetails\u00a0\u00bb _builder_version=\u00a0\u00bb4.16&Prime; custom_margin=\u00a0\u00bb4px|||||\u00a0\u00bb custom_padding=\u00a0\u00bb0px||5px|||\u00a0\u00bb global_colors_info=\u00a0\u00bb{}\u00a0\u00bb][et_pb_row use_custom_gutter=\u00a0\u00bbon\u00a0\u00bb gutter_width=\u00a0\u00bb1&Prime; _builder_version=\u00a0\u00bb4.16&Prime; background_color=\u00a0\u00bbRGBA(0,0,0,0)\u00a0\u00bb background_size=\u00a0\u00bbinitial\u00a0\u00bb background_position=\u00a0\u00bbtop_left\u00a0\u00bb background_repeat=\u00a0\u00bbrepeat\u00a0\u00bb width=\u00a0\u00bb100%\u00a0\u00bb module_alignment=\u00a0\u00bbcenter\u00a0\u00bb module_alignment_tablet=\u00a0\u00bb\u00a0\u00bb module_alignment_phone=\u00a0\u00bb\u00a0\u00bb module_alignment_last_edited=\u00a0\u00bbon|tablet\u00a0\u00bb border_color_all=\u00a0\u00bbRGBA(0,0,0,0)\u00a0\u00bb global_colors_info=\u00a0\u00bb{}\u00a0\u00bb][et_pb_column type=\u00a0\u00bb4_4&Prime; _builder_version=\u00a0\u00bb4.16&Prime; custom_padding=\u00a0\u00bb|||\u00a0\u00bb global_colors_info=\u00a0\u00bb{}\u00a0\u00bb custom_padding__hover=\u00a0\u00bb|||\u00a0\u00bb][et_pb_tabs active_tab_background_color=\u00a0\u00bbRGBA(0,0,0,0)\u00a0\u00bb inactive_tab_background_color=\u00a0\u00bbRGBA(0,0,0,0)\u00a0\u00bb active_tab_text_color=\u00a0\u00bb#0FB2C2&Prime; _builder_version=\u00a0\u00bb4.27.6&Prime; _module_preset=\u00a0\u00bbdefault\u00a0\u00bb tab_text_color=\u00a0\u00bb#005CA2&Prime; body_font=\u00a0\u00bbRaleway||||||||\u00a0\u00bb body_text_color=\u00a0\u00bb#005CA2&Prime; tab_font=\u00a0\u00bb||||||||\u00a0\u00bb tab_line_height=\u00a0\u00bb1.9em\u00a0\u00bb background_color=\u00a0\u00bbRGBA(0,0,0,0)\u00a0\u00bb custom_margin=\u00a0\u00bb15px||||false|false\u00a0\u00bb custom_margin_tablet=\u00a0\u00bb15px||||false|false\u00a0\u00bb custom_margin_phone=\u00a0\u00bb18px||||false|false\u00a0\u00bb custom_margin_last_edited=\u00a0\u00bbon|desktop\u00a0\u00bb module_alignment_tablet=\u00a0\u00bb\u00a0\u00bb module_alignment_phone=\u00a0\u00bb\u00a0\u00bb module_alignment_last_edited=\u00a0\u00bbon|tablet\u00a0\u00bb global_colors_info=\u00a0\u00bb{}\u00a0\u00bb][et_pb_tab title=\u00a0\u00bbDescriptif\u00a0\u00bb _builder_version=\u00a0\u00bb4.16&Prime; _dynamic_attributes=\u00a0\u00bbcontent\u00a0\u00bb _module_preset=\u00a0\u00bbdefault\u00a0\u00bb global_colors_info=\u00a0\u00bb{}\u00a0\u00bb body_text_color__hover_enabled=\u00a0\u00bboff|desktop\u00a0\u00bb]@ET-DC@eyJkeW5hbWljIjp0cnVlLCJjb250ZW50IjoicHJvZHVjdF9kZXNjcmlwdGlvbiIsInNldHRpbmdzIjp7ImJlZm9yZSI6IiIsImFmdGVyIjoiIn19@[\/et_pb_tab][et_pb_tab title=\u00a0\u00bbComposition\u00a0\u00bb _builder_version=\u00a0\u00bb4.27.6&Prime; _module_preset=\u00a0\u00bbdefault\u00a0\u00bb global_colors_info=\u00a0\u00bb{}\u00a0\u00bb body_text_color__hover_enabled=\u00a0\u00bboff|desktop\u00a0\u00bb]<\/p>\n<p>Le sein est r\u00e9alis\u00e9 en coton crochet\u00e9 certifi\u00e9e Oeko-tex.<br \/>Son rembourrage est en fibre polyester recycl\u00e9e.<\/p>\n<p>[\/et_pb_tab][et_pb_tab title=\u00a0\u00bbEntretien\u00a0\u00bb _builder_version=\u00a0\u00bb4.27.6&Prime; _module_preset=\u00a0\u00bbdefault\u00a0\u00bb global_colors_info=\u00a0\u00bb{}\u00a0\u00bb]<\/p>\n<p><span style=\"font-weight: 400;\">Pour cet objet d\u00e9licat, il est conseill\u00e9 d&rsquo;\u00e9viter les lavages en machine. <\/span><\/p>\n<p><span style=\"font-weight: 400;\">Nous recommandons plut\u00f4t un nettoyage \u00e0 sec, avec un brossage doux et l\u00e9ger.<\/span><\/p>\n<p>[\/et_pb_tab][et_pb_tab title=\u00a0\u00bbLivraison &#038; Retours\u00a0\u00bb _builder_version=\u00a0\u00bb4.27.6&Prime; _module_preset=\u00a0\u00bbdefault\u00a0\u00bb global_colors_info=\u00a0\u00bb{}\u00a0\u00bb]<\/p>\n<p><strong>La livraison en Points Relais en 3 \u00e0 4 jours vous est offerte pour toute commande de 50\u20ac.<\/strong><\/p>\n<p>Toutes les informations sur la livraison, les paiements et les retours sont consultables sur notre page \u00ab\u00a0<u><a href=\"https:\/\/vanillamilk.fr\/boutique\/aide\/\">Aide &amp; Questions Fr\u00e9quentes<\/a><\/u>\u00a0\u00bb.<\/p>\n<p>[\/et_pb_tab][et_pb_tab title=\u00a0\u00bbAvis\u00a0\u00bb _builder_version=\u00a0\u00bb4.16&Prime; _dynamic_attributes=\u00a0\u00bbcontent\u00a0\u00bb _module_preset=\u00a0\u00bbdefault\u00a0\u00bb global_colors_info=\u00a0\u00bb{}\u00a0\u00bb]@ET-DC@eyJkeW5hbWljIjp0cnVlLCJjb250ZW50IjoicHJvZHVjdF9yZXZpZXdzIiwic2V0dGluZ3MiOnsiYmVmb3JlIjoiIiwiYWZ0ZXIiOiIifX0=@[\/et_pb_tab][\/et_pb_tabs][\/et_pb_column][\/et_pb_row][\/et_pb_section]<\/p>\n","protected":false},"excerpt":{"rendered":"<p>Un sein au crochet <strong>100% fait main<\/strong>, doux et rassurant qui pourra servir de <strong>support p\u00e9dagogique<\/strong> pour vos explications, petit <strong>objet de transition<\/strong> en p\u00e9riode de sevrage, <strong>id\u00e9e cadeau<\/strong> ou joli <strong>clin d\u2019\u0153il d\u00e9co<\/strong>.<\/p>\n<p>Disponible en <strong>3 coloris<\/strong>.<\/p>\n","protected":false},"featured_media":9383,"comment_status":"open","ping_status":"closed","template":"","meta":{"_et_pb_use_builder":"on","_et_pb_old_content":"<p data-start=\"928\" data-end=\"1142\">Ce sein au crochet a \u00e9t\u00e9 imagin\u00e9 comme <strong>un support qui met \u00e0 l\u2019aise<\/strong>. Il permet de parler d\u2019allaitement de fa\u00e7on plus l\u00e9g\u00e8re, sans \u00ab cours magistral \u00bb, tout en restant tr\u00e8s utile <strong>pour rendre les explications visuelles<\/strong>.<\/p>\r\n<p data-start=\"1144\" data-end=\"1390\">Chaque pi\u00e8ce est <strong>crochet\u00e9e \u00e0 la main en France<\/strong>, <strong>en coton<\/strong> certifi\u00e9 Oeko-Tex, avec un rembourrage en fibre polyester recycl\u00e9e. Sa prise en main est <strong>simple<\/strong> : il se tient facilement d\u2019une main, ce qui le rend pratique en consultation, en atelier ou en formation.<\/p>\r\n<strong>Dans quelles situations il peut \u00eatre utile ?<\/strong>\r\n<ul>\r\n \t<li><strong data-start=\"1443\" data-end=\"1470\">Pour les professionnels <\/strong>: pour illustrer des notions techniques (position, prise du sein, gestes, rep\u00e8res) avec un support neutre et non intrusif. Particuli\u00e8rement appr\u00e9ci\u00e9 aupr\u00e8s des futures mamans.<\/li>\r\n \t<li><strong data-start=\"1646\" data-end=\"1673\">Pour certaines familles <\/strong>: pour servir de <strong data-start=\"1685\" data-end=\"1714\">petit objet de transition<\/strong> dans un contexte de sevrage, comme rep\u00e8re \u00e9motionnel et symbolique.<\/li>\r\n \t<li><strong data-start=\"1787\" data-end=\"1803\">Au quotidien <\/strong>: pour occuper les mains de b\u00e9b\u00e9 pendant la t\u00e9t\u00e9e ou simplement devenir un objet d\u00e9co tendre et assum\u00e9 (cabinet, boutique, chambre de b\u00e9b\u00e9, bureau).<\/li>\r\n<\/ul>\r\n<strong>Caract\u00e9ristiques :<\/strong>\r\n<ul>\r\n \t<li>Dimensions: 9 cm de diam\u00e8tre<\/li>\r\n \t<li>Vendu \u00e0 l\u2019unit\u00e9<\/li>\r\n \t<li>Disponible en 3 coloris<\/li>\r\n<\/ul>\r\n<strong>Note<\/strong> : Ce produit n\u2019est pas un jouet. Il doit \u00eatre utilis\u00e9 sous la surveillance d\u2019un adulte, notamment pour \u00e9viter qu\u2019il ne s\u2019ab\u00eeme.\r\n\r\n***\r\n\r\n<strong>FAQ Sein au crochet<\/strong>\r\n\r\n<strong>\u00c0 qui s\u2019adresse ce sein au crochet ?<\/strong>\r\nAux professionnels qui souhaitent un support doux et concret pour leurs d\u00e9monstrations et aux parents qui aiment l\u2019id\u00e9e d\u2019un objet rep\u00e8re (d\u00e9co, transition, petit \u00ab compagnon \u00bb symbolique).\r\n\r\n<strong>Est-ce un jouet pour b\u00e9b\u00e9 ?<\/strong>\r\nNon. Ce n\u2019est pas un jouet. Il peut \u00eatre manipul\u00e9 ponctuellement sous surveillance, mais il n\u2019est pas con\u00e7u pour \u00eatre laiss\u00e9 en acc\u00e8s libre ou port\u00e9 \u00e0 la bouche.\r\n\r\n<strong>Peut-il aider dans un sevrage ?<\/strong>\r\nCertaines mamans rapportent qu\u2019il peut servir d\u2019objet de transition : il ne \u00ab fait \u00bb pas le sevrage, mais il peut aider \u00e0 ritualiser et s\u00e9curiser cette \u00e9tape.\r\n\r\n<strong>Est-ce adapt\u00e9 aux ateliers et formations ?<\/strong>\r\nOui. Son format et sa texture sont pens\u00e9s pour \u00eatre manipul\u00e9s facilement tout en conservant une dimension chaleureuse, moins \u00ab m\u00e9dicale \u00bb.\r\n\r\n<strong>Chaque sein est-il identique ?<\/strong>\r\nNon. Chaque pi\u00e8ce est faite main: il peut exister de l\u00e9g\u00e8res variations, ce qui fait aussi son charme.","_et_gb_content_width":""},"product_brand":[],"product_cat":[45,138,47],"product_tag":[116,82],"class_list":{"0":"post-610","1":"product","2":"type-product","3":"status-publish","4":"has-post-thumbnail","6":"product_cat-le-coin-des-pros","7":"product_cat-sevrage","8":"product_cat-les-idees-cadeaux","9":"product_tag-idees-cadeaux","10":"product_tag-professionnel","11":"product_shipping_class-no-enveloppe","13":"first","14":"instock","15":"taxable","16":"shipping-taxable","17":"purchasable","18":"product-type-variable"},"_links":{"self":[{"href":"https:\/\/vanillamilk.fr\/boutique\/wp-json\/wp\/v2\/product\/610","targetHints":{"allow":["GET"]}}],"collection":[{"href":"https:\/\/vanillamilk.fr\/boutique\/wp-json\/wp\/v2\/product"}],"about":[{"href":"https:\/\/vanillamilk.fr\/boutique\/wp-json\/wp\/v2\/types\/product"}],"replies":[{"embeddable":true,"href":"https:\/\/vanillamilk.fr\/boutique\/wp-json\/wp\/v2\/comments?post=610"}],"wp:featuredmedia":[{"embeddable":true,"href":"https:\/\/vanillamilk.fr\/boutique\/wp-json\/wp\/v2\/media\/9383"}],"wp:attachment":[{"href":"https:\/\/vanillamilk.fr\/boutique\/wp-json\/wp\/v2\/media?parent=610"}],"wp:term":[{"taxonomy":"product_brand","embeddable":true,"href":"https:\/\/vanillamilk.fr\/boutique\/wp-json\/wp\/v2\/product_brand?post=610"},{"taxonomy":"product_cat","embeddable":true,"href":"https:\/\/vanillamilk.fr\/boutique\/wp-json\/wp\/v2\/product_cat?post=610"},{"taxonomy":"product_tag","embeddable":true,"href":"https:\/\/vanillamilk.fr\/boutique\/wp-json\/wp\/v2\/product_tag?post=610"}],"curies":[{"name":"wp","href":"https:\/\/api.w.org\/{rel}","templated":true}]}}