{"id":638,"date":"2021-03-05T15:48:39","date_gmt":"2021-03-05T14:48:39","guid":{"rendered":"https:\/\/vanillamilk.fr\/boutique\/?post_type=product&#038;p=638"},"modified":"2026-04-22T10:36:51","modified_gmt":"2026-04-22T08:36:51","slug":"coquillages-dallaitement","status":"publish","type":"product","link":"https:\/\/vanillamilk.fr\/boutique\/produit\/coquillages-dallaitement\/","title":{"rendered":"Coquillages d&rsquo;allaitement &#8211; B\u00e9b\u00e9 Nacre"},"content":{"rendered":"<p>[et_pb_section fb_built=\u00a0\u00bb1&Prime; _builder_version=\u00a0\u00bb4.16&Prime; min_height=\u00a0\u00bb822.5px\u00a0\u00bb custom_padding=\u00a0\u00bb0px||0px||false|false\u00a0\u00bb global_colors_info=\u00a0\u00bb{}\u00a0\u00bb][et_pb_row _builder_version=\u00a0\u00bb4.16&Prime; background_size=\u00a0\u00bbinitial\u00a0\u00bb background_position=\u00a0\u00bbtop_left\u00a0\u00bb background_repeat=\u00a0\u00bbrepeat\u00a0\u00bb width=\u00a0\u00bb100%\u00a0\u00bb custom_margin=\u00a0\u00bb|auto|-25px|auto||\u00a0\u00bb custom_padding=\u00a0\u00bb0px||0px||false|false\u00a0\u00bb global_colors_info=\u00a0\u00bb{}\u00a0\u00bb][et_pb_column type=\u00a0\u00bb4_4&Prime; _builder_version=\u00a0\u00bb4.16&Prime; custom_padding=\u00a0\u00bb|||\u00a0\u00bb global_colors_info=\u00a0\u00bb{}\u00a0\u00bb custom_padding__hover=\u00a0\u00bb|||\u00a0\u00bb][et_pb_wc_cart_notice _builder_version=\u00a0\u00bb4.16&Prime; title_text_color=\u00a0\u00bb#005CA2&Prime; title_font_size=\u00a0\u00bb20px\u00a0\u00bb title_line_height=\u00a0\u00bb1.4em\u00a0\u00bb background_color=\u00a0\u00bbRGBA(0,0,0,0)\u00a0\u00bb custom_button=\u00a0\u00bbon\u00a0\u00bb button_text_size=\u00a0\u00bb15px\u00a0\u00bb button_bg_color=\u00a0\u00bb#005CA2&Prime; button_use_icon=\u00a0\u00bboff\u00a0\u00bb button_custom_margin=\u00a0\u00bb0px||||false|false\u00a0\u00bb button_custom_margin_tablet=\u00a0\u00bb0px||||false|false\u00a0\u00bb button_custom_margin_phone=\u00a0\u00bb4px||||false|false\u00a0\u00bb button_custom_margin_last_edited=\u00a0\u00bbon|desktop\u00a0\u00bb button_custom_padding=\u00a0\u00bb5px||||false|false\u00a0\u00bb custom_margin=\u00a0\u00bb0em|0em|1em|0em|false|false\u00a0\u00bb title_font_size_tablet=\u00a0\u00bb20px\u00a0\u00bb title_font_size_phone=\u00a0\u00bb15px\u00a0\u00bb title_font_size_last_edited=\u00a0\u00bbon|desktop\u00a0\u00bb button_text_size_tablet=\u00a0\u00bb\u00a0\u00bb button_text_size_phone=\u00a0\u00bb13px\u00a0\u00bb button_text_size_last_edited=\u00a0\u00bbon|phone\u00a0\u00bb button_icon_placement_tablet=\u00a0\u00bb\u00a0\u00bb button_icon_placement_phone=\u00a0\u00bbright\u00a0\u00bb button_icon_placement_last_edited=\u00a0\u00bbon|phone\u00a0\u00bb border_radii=\u00a0\u00bbon|7px|7px|7px|7px\u00a0\u00bb border_width_all=\u00a0\u00bb1px\u00a0\u00bb border_color_all=\u00a0\u00bb#005CA2&Prime; body_text_color=\u00a0\u00bb#005CA2&Prime; body_font_size=\u00a0\u00bb20px\u00a0\u00bb body_font_size_last_edited=\u00a0\u00bbon|desktop\u00a0\u00bb body_font_size_tablet=\u00a0\u00bb\u00a0\u00bb body_font_size_phone=\u00a0\u00bb15px\u00a0\u00bb body_line_height=\u00a0\u00bb1.4em\u00a0\u00bb global_colors_info=\u00a0\u00bb{}\u00a0\u00bb][\/et_pb_wc_cart_notice][\/et_pb_column][\/et_pb_row][et_pb_row column_structure=\u00a0\u00bb1_2,1_2&Prime; _builder_version=\u00a0\u00bb4.16&Prime; background_size=\u00a0\u00bbinitial\u00a0\u00bb background_position=\u00a0\u00bbtop_left\u00a0\u00bb background_repeat=\u00a0\u00bbrepeat\u00a0\u00bb width=\u00a0\u00bb100%\u00a0\u00bb min_height=\u00a0\u00bb881px\u00a0\u00bb custom_margin=\u00a0\u00bb|auto|0px|auto|false|false\u00a0\u00bb custom_margin_tablet=\u00a0\u00bb\u00a0\u00bb custom_margin_phone=\u00a0\u00bb\u00a0\u00bb custom_margin_last_edited=\u00a0\u00bbon|phone\u00a0\u00bb custom_padding=\u00a0\u00bb0px||0px||false|false\u00a0\u00bb global_colors_info=\u00a0\u00bb{}\u00a0\u00bb][et_pb_column type=\u00a0\u00bb1_2&Prime; _builder_version=\u00a0\u00bb4.16&Prime; custom_padding=\u00a0\u00bb|||\u00a0\u00bb global_colors_info=\u00a0\u00bb{}\u00a0\u00bb custom_padding__hover=\u00a0\u00bb|||\u00a0\u00bb][et_pb_wc_images sale_badge_color=\u00a0\u00bb#FF0084&Prime; sale_badge_color_last_edited=\u00a0\u00bboff|phone\u00a0\u00bb _builder_version=\u00a0\u00bb4.16&Prime; sale_badge_font_size=\u00a0\u00bb16px\u00a0\u00bb sale_badge_line_height=\u00a0\u00bb1em\u00a0\u00bb custom_padding=\u00a0\u00bb||0px|||\u00a0\u00bb sale_badge_font_size_tablet=\u00a0\u00bb\u00a0\u00bb sale_badge_font_size_phone=\u00a0\u00bb15px\u00a0\u00bb sale_badge_font_size_last_edited=\u00a0\u00bbon|phone\u00a0\u00bb border_radii_image=\u00a0\u00bbon|3px|3px|3px|3px\u00a0\u00bb global_colors_info=\u00a0\u00bb{}\u00a0\u00bb][\/et_pb_wc_images][\/et_pb_column][et_pb_column type=\u00a0\u00bb1_2&Prime; _builder_version=\u00a0\u00bb4.16&Prime; custom_padding=\u00a0\u00bb|||\u00a0\u00bb global_colors_info=\u00a0\u00bb{}\u00a0\u00bb custom_padding__hover=\u00a0\u00bb|||\u00a0\u00bb][et_pb_wc_title disabled_on=\u00a0\u00bboff|off|off\u00a0\u00bb _builder_version=\u00a0\u00bb4.27.5&Prime; header_font_size=\u00a0\u00bb40px\u00a0\u00bb custom_margin=\u00a0\u00bb||10px|||\u00a0\u00bb custom_padding=\u00a0\u00bb||6px|||\u00a0\u00bb header_font_size_tablet=\u00a0\u00bb\u00a0\u00bb header_font_size_phone=\u00a0\u00bb25px\u00a0\u00bb header_font_size_last_edited=\u00a0\u00bbon|phone\u00a0\u00bb header_line_height_tablet=\u00a0\u00bb\u00a0\u00bb header_line_height_phone=\u00a0\u00bb1em\u00a0\u00bb header_line_height_last_edited=\u00a0\u00bbon|phone\u00a0\u00bb global_colors_info=\u00a0\u00bb{}\u00a0\u00bb][\/et_pb_wc_title][et_pb_text _builder_version=\u00a0\u00bb4.16&Prime; _module_preset=\u00a0\u00bbdefault\u00a0\u00bb text_line_height=\u00a0\u00bb1em\u00a0\u00bb custom_margin=\u00a0\u00bb||15px|||\u00a0\u00bb custom_padding=\u00a0\u00bb||0px|||\u00a0\u00bb global_colors_info=\u00a0\u00bb{}\u00a0\u00bb]B\u00e9b\u00e9 Nacre[\/et_pb_text][et_pb_wc_rating _builder_version=\u00a0\u00bb4.16&Prime; rating_text_color=\u00a0\u00bb#FFBA00&Prime; rating_font_size=\u00a0\u00bb20px\u00a0\u00bb body_text_color=\u00a0\u00bb#005CA2&Prime; body_font_size=\u00a0\u00bb11px\u00a0\u00bb text_orientation=\u00a0\u00bbleft\u00a0\u00bb custom_margin=\u00a0\u00bb0em|0em|-0.4em|0em|false|false\u00a0\u00bb custom_padding=\u00a0\u00bb||0px|||\u00a0\u00bb global_colors_info=\u00a0\u00bb{}\u00a0\u00bb][\/et_pb_wc_rating][et_pb_wc_price _builder_version=\u00a0\u00bb4.27.5&Prime; body_text_color=\u00a0\u00bb#0FB2C2&Prime; body_font_size=\u00a0\u00bb40px\u00a0\u00bb body_line_height=\u00a0\u00bb1.3em\u00a0\u00bb before_sale_price_font_size=\u00a0\u00bb22px\u00a0\u00bb background_color=\u00a0\u00bbRGBA(0,0,0,0)\u00a0\u00bb text_orientation=\u00a0\u00bbleft\u00a0\u00bb custom_margin=\u00a0\u00bb||9px|||\u00a0\u00bb custom_padding=\u00a0\u00bb0px|||||\u00a0\u00bb before_sale_price_font_last_edited=\u00a0\u00bboff|phone\u00a0\u00bb before_sale_price_font_size_tablet=\u00a0\u00bb\u00a0\u00bb before_sale_price_font_size_phone=\u00a0\u00bb\u00a0\u00bb before_sale_price_font_size_last_edited=\u00a0\u00bbon|phone\u00a0\u00bb global_colors_info=\u00a0\u00bb{}\u00a0\u00bb][\/et_pb_wc_price][et_pb_wc_description _builder_version=\u00a0\u00bb4.16&Prime; custom_margin=\u00a0\u00bb-6px|||||\u00a0\u00bb border_color_all=\u00a0\u00bbRGBA(0,0,0,0)\u00a0\u00bb border_style_all=\u00a0\u00bbnone\u00a0\u00bb border_width_bottom=\u00a0\u00bb1px\u00a0\u00bb border_color_bottom=\u00a0\u00bb#005CA2&Prime; global_colors_info=\u00a0\u00bb{}\u00a0\u00bb][\/et_pb_wc_description][et_pb_wc_add_to_cart disabled_on=\u00a0\u00bboff|off|off\u00a0\u00bb _builder_version=\u00a0\u00bb4.27.5&Prime; _module_preset=\u00a0\u00bbdefault\u00a0\u00bb fields_text_color=\u00a0\u00bb#005CA2&Prime; custom_button=\u00a0\u00bbon\u00a0\u00bb custom_margin=\u00a0\u00bb||||false|false\u00a0\u00bb button_text_size_tablet=\u00a0\u00bb\u00a0\u00bb button_text_size_phone=\u00a0\u00bb18px\u00a0\u00bb button_text_size_last_edited=\u00a0\u00bbon|phone\u00a0\u00bb global_colors_info=\u00a0\u00bb{}\u00a0\u00bb][\/et_pb_wc_add_to_cart][et_pb_text ul_position=\u00a0\u00bbinside\u00a0\u00bb _builder_version=\u00a0\u00bb4.16&Prime; _module_preset=\u00a0\u00bbdefault\u00a0\u00bb text_font=\u00a0\u00bb|600|||||||\u00a0\u00bb text_text_color=\u00a0\u00bb#005CA2&Prime; background_color=\u00a0\u00bbrgba(255,186,0,0.1)\u00a0\u00bb custom_margin=\u00a0\u00bb|0px||0px|false|false\u00a0\u00bb custom_margin_tablet=\u00a0\u00bb\u00a0\u00bb custom_margin_phone=\u00a0\u00bb-13px|0px|21px|0px|false|false\u00a0\u00bb custom_margin_last_edited=\u00a0\u00bbon|desktop\u00a0\u00bb custom_padding=\u00a0\u00bb14px|30px|0px|17px|false|false\u00a0\u00bb text_font_tablet=\u00a0\u00bb\u00a0\u00bb text_font_phone=\u00a0\u00bb\u00a0\u00bb text_font_last_edited=\u00a0\u00bbon|phone\u00a0\u00bb border_radii=\u00a0\u00bbon|9px|9px|9px|9px\u00a0\u00bb border_color_all=\u00a0\u00bb#005CA2&Prime; global_colors_info=\u00a0\u00bb{}\u00a0\u00bb]<\/p>\n<p><strong>A quoi \u00e7a sert ?<\/strong><\/p>\n<ul>\n<li>Favorise l&rsquo;hydratation et la cicatrisation des mamelons endoloris<\/li>\n<li>Les prot\u00e8ge des frottements contre le tissu<\/li>\n<\/ul>\n<p>[\/et_pb_text][et_pb_text ul_position=\u00a0\u00bbinside\u00a0\u00bb _builder_version=\u00a0\u00bb4.16&Prime; _module_preset=\u00a0\u00bbdefault\u00a0\u00bb text_font=\u00a0\u00bb|600|||||||\u00a0\u00bb background_color=\u00a0\u00bbrgba(0,92,162,0.13)\u00a0\u00bb custom_margin=\u00a0\u00bb|0px||0px|false|false\u00a0\u00bb custom_margin_tablet=\u00a0\u00bb\u00a0\u00bb custom_margin_phone=\u00a0\u00bb-13px|0px|21px|0px|false|false\u00a0\u00bb custom_margin_last_edited=\u00a0\u00bbon|desktop\u00a0\u00bb custom_padding=\u00a0\u00bb14px|30px|0px|17px|false|false\u00a0\u00bb text_font_tablet=\u00a0\u00bb\u00a0\u00bb text_font_phone=\u00a0\u00bb\u00a0\u00bb text_font_last_edited=\u00a0\u00bbon|phone\u00a0\u00bb border_radii=\u00a0\u00bbon|9px|9px|9px|9px\u00a0\u00bb border_color_all=\u00a0\u00bb#005CA2&Prime; global_colors_info=\u00a0\u00bb{}\u00a0\u00bb]<\/p>\n<p><strong>Ce qu&rsquo;on aime :<\/strong><\/p>\n<ul>\n<li>Leur beaut\u00e9, tout simplement !<\/li>\n<li>Les aspects 100% naturel et z\u00e9ro d\u00e9chet<\/li>\n<li>Le savoir faire et le s\u00e9rieux de la marque fran\u00e7aise B\u00e9b\u00e9 Nacre, \u00e0 l&rsquo;origine du concept des coquillages en nacre<\/li>\n<\/ul>\n<p>[\/et_pb_text][\/et_pb_column][\/et_pb_row][et_pb_row _builder_version=\u00a0\u00bb4.16&Prime; _module_preset=\u00a0\u00bbdefault\u00a0\u00bb min_height=\u00a0\u00bb27px\u00a0\u00bb custom_margin=\u00a0\u00bb-22px|auto|-19px|auto||\u00a0\u00bb custom_padding=\u00a0\u00bb21px||0px|||\u00a0\u00bb global_colors_info=\u00a0\u00bb{}\u00a0\u00bb][et_pb_column type=\u00a0\u00bb4_4&Prime; _builder_version=\u00a0\u00bb4.16&Prime; _module_preset=\u00a0\u00bbdefault\u00a0\u00bb global_colors_info=\u00a0\u00bb{}\u00a0\u00bb][et_pb_divider _builder_version=\u00a0\u00bb4.16&Prime; _module_preset=\u00a0\u00bbdefault\u00a0\u00bb width=\u00a0\u00bb50%\u00a0\u00bb module_alignment=\u00a0\u00bbcenter\u00a0\u00bb custom_margin=\u00a0\u00bb21px||-10px|||\u00a0\u00bb global_colors_info=\u00a0\u00bb{}\u00a0\u00bb][\/et_pb_divider][\/et_pb_column][\/et_pb_row][\/et_pb_section][et_pb_section fb_built=\u00a0\u00bb1&Prime; admin_label=\u00a0\u00bbDetails\u00a0\u00bb _builder_version=\u00a0\u00bb4.16&Prime; custom_margin=\u00a0\u00bb4px|||||\u00a0\u00bb custom_padding=\u00a0\u00bb0px||5px|||\u00a0\u00bb global_colors_info=\u00a0\u00bb{}\u00a0\u00bb][et_pb_row use_custom_gutter=\u00a0\u00bbon\u00a0\u00bb gutter_width=\u00a0\u00bb1&Prime; _builder_version=\u00a0\u00bb4.16&Prime; background_color=\u00a0\u00bbRGBA(0,0,0,0)\u00a0\u00bb background_size=\u00a0\u00bbinitial\u00a0\u00bb background_position=\u00a0\u00bbtop_left\u00a0\u00bb background_repeat=\u00a0\u00bbrepeat\u00a0\u00bb width=\u00a0\u00bb100%\u00a0\u00bb module_alignment=\u00a0\u00bbcenter\u00a0\u00bb module_alignment_tablet=\u00a0\u00bb\u00a0\u00bb module_alignment_phone=\u00a0\u00bb\u00a0\u00bb module_alignment_last_edited=\u00a0\u00bbon|tablet\u00a0\u00bb border_color_all=\u00a0\u00bbRGBA(0,0,0,0)\u00a0\u00bb global_colors_info=\u00a0\u00bb{}\u00a0\u00bb][et_pb_column type=\u00a0\u00bb4_4&Prime; _builder_version=\u00a0\u00bb4.16&Prime; custom_padding=\u00a0\u00bb|||\u00a0\u00bb global_colors_info=\u00a0\u00bb{}\u00a0\u00bb custom_padding__hover=\u00a0\u00bb|||\u00a0\u00bb][et_pb_tabs active_tab_background_color=\u00a0\u00bbRGBA(0,0,0,0)\u00a0\u00bb inactive_tab_background_color=\u00a0\u00bbRGBA(0,0,0,0)\u00a0\u00bb active_tab_text_color=\u00a0\u00bb#0FB2C2&Prime; _builder_version=\u00a0\u00bb4.16&Prime; _module_preset=\u00a0\u00bbdefault\u00a0\u00bb tab_text_color=\u00a0\u00bb#005CA2&Prime; body_font=\u00a0\u00bbRaleway||||||||\u00a0\u00bb body_text_color=\u00a0\u00bb#005CA2&Prime; tab_font=\u00a0\u00bb||||||||\u00a0\u00bb tab_line_height=\u00a0\u00bb1.9em\u00a0\u00bb background_color=\u00a0\u00bbRGBA(0,0,0,0)\u00a0\u00bb custom_margin=\u00a0\u00bb15px||||false|false\u00a0\u00bb custom_margin_tablet=\u00a0\u00bb15px||||false|false\u00a0\u00bb custom_margin_phone=\u00a0\u00bb18px||||false|false\u00a0\u00bb custom_margin_last_edited=\u00a0\u00bbon|desktop\u00a0\u00bb module_alignment_tablet=\u00a0\u00bb\u00a0\u00bb module_alignment_phone=\u00a0\u00bb\u00a0\u00bb module_alignment_last_edited=\u00a0\u00bbon|tablet\u00a0\u00bb global_colors_info=\u00a0\u00bb{}\u00a0\u00bb][et_pb_tab title=\u00a0\u00bbDescriptif\u00a0\u00bb _builder_version=\u00a0\u00bb4.16&Prime; _dynamic_attributes=\u00a0\u00bbcontent\u00a0\u00bb _module_preset=\u00a0\u00bbdefault\u00a0\u00bb global_colors_info=\u00a0\u00bb{}\u00a0\u00bb body_text_color__hover_enabled=\u00a0\u00bboff|desktop\u00a0\u00bb]@ET-DC@eyJkeW5hbWljIjp0cnVlLCJjb250ZW50IjoicHJvZHVjdF9kZXNjcmlwdGlvbiIsInNldHRpbmdzIjp7ImJlZm9yZSI6IiIsImFmdGVyIjoiIn19@[\/et_pb_tab][et_pb_tab title=\u00a0\u00bbComposition\u00a0\u00bb _builder_version=\u00a0\u00bb4.16&Prime; _module_preset=\u00a0\u00bbdefault\u00a0\u00bb global_colors_info=\u00a0\u00bb{}\u00a0\u00bb body_text_color__hover_enabled=\u00a0\u00bboff|desktop\u00a0\u00bb]<\/p>\n<p>Nacre naturelle.<\/p>\n<p>[\/et_pb_tab][et_pb_tab title=\u00a0\u00bbMode d&#8217;emploi\u00a0\u00bb _builder_version=\u00a0\u00bb4.16&Prime; _module_preset=\u00a0\u00bbdefault\u00a0\u00bb global_colors_info=\u00a0\u00bb{}\u00a0\u00bb]<\/p>\n<p>L&rsquo;utilisation des coquillages est extr\u00eamement\u00a0simple !<\/p>\n<p><span style=\"font-weight: 400;\">&#8211; Placez les coquillages directement sur vos mamelons, sous votre soutien-gorge.<\/span><\/p>\n<p>La petite astuce : en fin de t\u00e9t\u00e9e, d\u00e9posez quelques gouttes de votre lait maternel au creux de chaque coquillage avent de le replacer dans votre soutien-gorge, afin de favoriser la cicatrisation en cas de crevasse ou ger\u00e7ure.<\/p>\n<p>[\/et_pb_tab][et_pb_tab title=\u00a0\u00bbEntretien\u00a0\u00bb _builder_version=\u00a0\u00bb4.16&Prime; _module_preset=\u00a0\u00bbdefault\u00a0\u00bb global_colors_info=\u00a0\u00bb{}\u00a0\u00bb]<\/p>\n<p>Nous vous conseillons de laver les coquillages \u00e0 l&rsquo;eau chaude et au savon r\u00e9guli\u00e8rement.<\/p>\n<p>[\/et_pb_tab][et_pb_tab title=\u00a0\u00bbLa marque\u00a0\u00bb _builder_version=\u00a0\u00bb4.16&Prime; _module_preset=\u00a0\u00bbdefault\u00a0\u00bb body_font=\u00a0\u00bbRaleway||||||||\u00a0\u00bb tab_font=\u00a0\u00bb|600|||||||\u00a0\u00bb tab_font_size=\u00a0\u00bb15px\u00a0\u00bb body_font_size_tablet=\u00a0\u00bb14px\u00a0\u00bb body_font_size_phone=\u00a0\u00bb\u00a0\u00bb body_font_size_last_edited=\u00a0\u00bbon|tablet\u00a0\u00bb tab_font_size_tablet=\u00a0\u00bb14px\u00a0\u00bb tab_font_size_phone=\u00a0\u00bb\u00a0\u00bb tab_font_size_last_edited=\u00a0\u00bbon|phone\u00a0\u00bb global_colors_info=\u00a0\u00bb{}\u00a0\u00bb]<\/p>\n<p><strong>B\u00e9b\u00e9 Nacre<\/strong> est une tr\u00e8s jolie marque fran\u00e7aise qui poss\u00e8de 15 ans d&rsquo;exp\u00e9rience et d&rsquo;expertise dans les coquillages d&rsquo;allaitement.<\/p>\n<p>Tous leurs coquillages sont polis \u00e0 la main par Renata, la fondatrice, dans son atelier, en France.<\/p>\n<p>&nbsp;<\/p>\n<p>[\/et_pb_tab][et_pb_tab title=\u00a0\u00bbLivraison &#038; Retours\u00a0\u00bb _builder_version=\u00a0\u00bb4.16&Prime; _module_preset=\u00a0\u00bbdefault\u00a0\u00bb global_colors_info=\u00a0\u00bb{}\u00a0\u00bb]<\/p>\n<p>En cas de probl\u00e8me, la marque B\u00e9b\u00e9 Nacre vous propose d&rsquo;\u00e9changer vos coquillages, quelle que soit la raison de votre demande. Il vous suffit ainsi de les renvoyer \u00e0 B\u00e9b\u00e9 Nacre (et non \u00e0 VanillaMilk) avec une enveloppe timbr\u00e9e \u00e0 votre adresse pour le retour et les informations suivantes :<\/p>\n<ul>\n<li>Le num\u00e9ro de votre commande VanillaMilk<\/li>\n<li>Vos nom et pr\u00e9nom<\/li>\n<li>Votre num\u00e9ro de t\u00e9l\u00e9phone<\/li>\n<li>Votre adresse email<\/li>\n<li>Des d\u00e9tails concernant votre demande<\/li>\n<\/ul>\n<p>L\u2019adresse de B\u00e9b\u00e9 Nacre est la suivante : Bebe Nacre \u2013 22 , Rue Mot &#8211; 94120 Fontenay sous bois.<\/p>\n<p>&#8212;-<\/p>\n<p><strong>La livraison en Points Relais en 3 \u00e0 4 jours vous est offerte pour toute commande de 50\u20ac.<\/strong><\/p>\n<p>Toutes les informations sur la livraison, les paiements et les retours sont consultables sur notre page \u00ab\u00a0<span style=\"text-decoration: underline;\"><a href=\"https:\/\/vanillamilk.fr\/boutique\/aide\/\">Aide &amp; Questions Fr\u00e9quentes<\/a><\/span>\u00a0\u00bb.<\/p>\n<p>[\/et_pb_tab][et_pb_tab title=\u00a0\u00bbAvis\u00a0\u00bb _builder_version=\u00a0\u00bb4.16&Prime; _dynamic_attributes=\u00a0\u00bbcontent\u00a0\u00bb _module_preset=\u00a0\u00bbdefault\u00a0\u00bb global_colors_info=\u00a0\u00bb{}\u00a0\u00bb]@ET-DC@eyJkeW5hbWljIjp0cnVlLCJjb250ZW50IjoicHJvZHVjdF9yZXZpZXdzIiwic2V0dGluZ3MiOnsiYmVmb3JlIjoiIiwiYWZ0ZXIiOiIifX0=@[\/et_pb_tab][\/et_pb_tabs][\/et_pb_column][\/et_pb_row][\/et_pb_section]<\/p>\n","protected":false},"excerpt":{"rendered":"<p>Tout doux, polis \u00e0 la main et 100% naturels, ces jolis coquillages d\u2019allaitement en nacre assureront l&rsquo;hydratation et la protection des mamelons des mamans allaitantes.<\/p>\n<p>Une id\u00e9e cadeau originale, \u00e9l\u00e9gante et \u00e9cologique !<\/p>\n","protected":false},"featured_media":3563,"comment_status":"open","ping_status":"closed","template":"","meta":{"_et_pb_use_builder":"on","_et_pb_old_content":"<span style=\"font-weight: 400\">Pourtant encore m\u00e9connus, de nombreuses mamans en t\u00e9moignent, les coquillages d\u2019allaitement en nacre peuvent \u00eatre de <strong>v\u00e9ritable alli\u00e9s naturels lorsqu'on allaite son b\u00e9b\u00e9. <\/strong><\/span>\r\n\r\n<span style=\"font-weight: 400\">Plac\u00e9s sous le soutien-gorge, directement <strong>sur les mamelons<\/strong> avec une petite goutte de lait maternel apr\u00e8s chaque t\u00e9t\u00e9e, les coquillages d\u2019allaitement <strong>favorisent leur hydratation<\/strong> et <strong>assurent leur protection<\/strong>.\u00a0<\/span>\r\n\r\nLes mamans allaitantes peuvent les utiliser dans le but de <strong>soigner de petites blessures du type crevasse ou ger\u00e7ure<\/strong>, mais \u00e9galement \u00e0 <strong>titre pr\u00e9ventif<\/strong> pour garder les mamelons hydrat\u00e9s en permanence.\r\n\r\nTout doux, <span style=\"font-weight: 400\">les coquillages d\u2019allaitement<\/span> les prot\u00e8gent aussi du frottement des tissus et leur permettent de cicatriser gr\u00e2ce \u00e0 la m\u00e9thode de cicatrisation humide.\r\n\r\n<strong>Leur forme \u00e9pouse parfaitement votre mamelon et r\u00e9cup\u00e8re les petites fuites de lait.<\/strong> Si besoin, <span style=\"font-weight: 400\">les coquillages d\u2019allaitement<\/span> sont aussi compatibles avec la cr\u00e8me \u00e0 la lanoline ou les coussinets d'allaitement.\r\n\r\n<span style=\"font-weight: 400\">Vendus par paire, ces coquillages d'allaitement existent sur notre boutique <strong>en deux tailles<\/strong> : moyenne et grande.<\/span>\r\n\r\n<span style=\"font-weight: 400\">Pour choisir la taille qui vous convient, suivez les instructions fournies par B\u00e9b\u00e9 Nacre car <strong>chaque sein est diff\u00e9rent<\/strong>.\r\nPas de panique ! C'est tr\u00e8s simple et les petits dessins montr\u00e9s parmi les vignettes\/images de ce produit (plus haut) vous aideront \u00e0 comprendre comment proc\u00e9der.\r\n<\/span><span style=\"font-weight: 400\">IMPORTANT : Il est important de mesurer, au repos, \u00e0 la fois la taille de l'ar\u00e9ole et la hauteur du t\u00e9ton (ar\u00e9ole non comprise).\r\n<\/span>","_et_gb_content_width":""},"product_brand":[],"product_cat":[45,111,47],"product_tag":[],"class_list":{"0":"post-638","1":"product","2":"type-product","3":"status-publish","4":"has-post-thumbnail","6":"product_cat-le-coin-des-pros","7":"product_cat-coques-coquillages","8":"product_cat-les-idees-cadeaux","9":"product_shipping_class-lettre-suivie","11":"first","12":"instock","13":"sale","14":"taxable","15":"shipping-taxable","16":"purchasable","17":"product-type-variable"},"_links":{"self":[{"href":"https:\/\/vanillamilk.fr\/boutique\/wp-json\/wp\/v2\/product\/638","targetHints":{"allow":["GET"]}}],"collection":[{"href":"https:\/\/vanillamilk.fr\/boutique\/wp-json\/wp\/v2\/product"}],"about":[{"href":"https:\/\/vanillamilk.fr\/boutique\/wp-json\/wp\/v2\/types\/product"}],"replies":[{"embeddable":true,"href":"https:\/\/vanillamilk.fr\/boutique\/wp-json\/wp\/v2\/comments?post=638"}],"wp:featuredmedia":[{"embeddable":true,"href":"https:\/\/vanillamilk.fr\/boutique\/wp-json\/wp\/v2\/media\/3563"}],"wp:attachment":[{"href":"https:\/\/vanillamilk.fr\/boutique\/wp-json\/wp\/v2\/media?parent=638"}],"wp:term":[{"taxonomy":"product_brand","embeddable":true,"href":"https:\/\/vanillamilk.fr\/boutique\/wp-json\/wp\/v2\/product_brand?post=638"},{"taxonomy":"product_cat","embeddable":true,"href":"https:\/\/vanillamilk.fr\/boutique\/wp-json\/wp\/v2\/product_cat?post=638"},{"taxonomy":"product_tag","embeddable":true,"href":"https:\/\/vanillamilk.fr\/boutique\/wp-json\/wp\/v2\/product_tag?post=638"}],"curies":[{"name":"wp","href":"https:\/\/api.w.org\/{rel}","templated":true}]}}